{"id":3003,"date":"2016-10-21T12:52:45","date_gmt":"2016-10-21T11:52:45","guid":{"rendered":"http:\/\/localhost\/wordpress\/medicenter-new\/?page_id=2971"},"modified":"2021-11-20T21:19:27","modified_gmt":"2021-11-20T20:19:27","slug":"contact","status":"publish","type":"page","link":"https:\/\/www.fizioterapisti.al\/index.php\/contact\/","title":{"rendered":"KONTAKT"},"content":{"rendered":"<p>[vc_row css=&#8221;.vc_custom_1627814883819{margin-top: 50px !important;}&#8221;][vc_column]<h2 class=\"box-header large align-center\">Plot\u00ebso formularin p\u00ebr t'u b\u00ebr\u00eb pjes\u00eb e portalit<\/h2>[\/vc_column][\/vc_row][vc_row][vc_column]<div id=\"cf7cstmzr-form\" class=\"cf7cstmzr-form-5239 cf7cstmzr-form\">\n<div class=\"wpcf7 no-js\" id=\"wpcf7-f5239-o1\" lang=\"en-US\" dir=\"ltr\">\n<div class=\"screen-reader-response\"><p role=\"status\" aria-live=\"polite\" aria-atomic=\"true\"><\/p> <ul><\/ul><\/div>\n<form action=\"\/index.php\/wp-json\/wp\/v2\/pages\/3003#wpcf7-f5239-o1\" method=\"post\" class=\"wpcf7-form init\" aria-label=\"Contact form\" enctype=\"multipart\/form-data\" novalidate=\"novalidate\" data-status=\"init\">\n<div style=\"display: none;\">\n<input type=\"hidden\" name=\"_wpcf7\" value=\"5239\" \/>\n<input type=\"hidden\" name=\"_wpcf7_version\" value=\"5.9.5\" \/>\n<input type=\"hidden\" name=\"_wpcf7_locale\" value=\"en_US\" \/>\n<input type=\"hidden\" name=\"_wpcf7_unit_tag\" value=\"wpcf7-f5239-o1\" \/>\n<input type=\"hidden\" name=\"_wpcf7_container_post\" value=\"0\" \/>\n<input type=\"hidden\" name=\"_wpcf7_posted_data_hash\" value=\"\" \/>\n<input type=\"hidden\" name=\"_wpcf7_recaptcha_response\" value=\"\" \/>\n<\/div>\n<p><label>Em\u00ebr \/ Mbiem\u00ebr* <span class=\"wpcf7-form-control-wrap\" data-name=\"your-name\"><input size=\"40\" class=\"wpcf7-form-control wpcf7-text wpcf7-validates-as-required\" aria-required=\"true\" aria-invalid=\"false\" value=\"\" type=\"text\" name=\"your-name\" \/><\/span><\/label>\n<\/p>\n<p><label>Viti Diplomimit* <span class=\"wpcf7-form-control-wrap\" data-name=\"date-531\"><input class=\"wpcf7-form-control wpcf7-date wpcf7-validates-as-required wpcf7-validates-as-date\" min=\"1990-01-20\" aria-required=\"true\" aria-invalid=\"false\" placeholder=\"Viti P\u00ebrfundimit\" value=\"\" type=\"date\" name=\"date-531\" \/><\/span><\/label>\n<\/p>\n<p><label>Number License* <span class=\"wpcf7-form-control-wrap\" data-name=\"text-889\"><input size=\"40\" class=\"wpcf7-form-control wpcf7-text wpcf7-validates-as-required\" aria-required=\"true\" aria-invalid=\"false\" value=\"\" type=\"text\" name=\"text-889\" \/><\/span><\/label>\n<\/p>\n<p><label>Universiteti* <span class=\"wpcf7-form-control-wrap\" data-name=\"text-887\"><input size=\"40\" class=\"wpcf7-form-control wpcf7-text wpcf7-validates-as-required\" aria-required=\"true\" aria-invalid=\"false\" value=\"\" type=\"text\" name=\"text-887\" \/><\/span><\/label>\n<\/p>\n<p><label>Qyteti* <span class=\"wpcf7-form-control-wrap\" data-name=\"text-886\"><input size=\"40\" class=\"wpcf7-form-control wpcf7-text wpcf7-validates-as-required\" aria-required=\"true\" aria-invalid=\"false\" value=\"\" type=\"text\" name=\"text-886\" \/><\/span><\/label>\n<\/p>\n<p>Specializim* <span class=\"wpcf7-form-control-wrap\" data-name=\"radio-466\"><span class=\"wpcf7-form-control wpcf7-radio\"><span class=\"wpcf7-list-item first\"><label><input type=\"radio\" name=\"radio-466\" value=\"Po\" checked=\"checked\" \/><span class=\"wpcf7-list-item-label\">Po<\/span><\/label><\/span><span class=\"wpcf7-list-item last\"><label><input type=\"radio\" name=\"radio-466\" value=\"Jo\" \/><span class=\"wpcf7-list-item-label\">Jo<\/span><\/label><\/span><\/span><\/span>\n<\/p>\n<p>Sh\u00ebrbimet* <span class=\"wpcf7-form-control-wrap\" data-name=\"checkbox-46\"><span class=\"wpcf7-form-control wpcf7-checkbox wpcf7-validates-as-required\"><span class=\"wpcf7-list-item first\"><label><input type=\"checkbox\" name=\"checkbox-46[]\" value=\"Linfodrenazh dhe Presoterapi\" \/><span class=\"wpcf7-list-item-label\">Linfodrenazh dhe Presoterapi<\/span><\/label><\/span><span class=\"wpcf7-list-item\"><label><input type=\"checkbox\" name=\"checkbox-46[]\" value=\"Electrotherapy\" \/><span class=\"wpcf7-list-item-label\">Electrotherapy<\/span><\/label><\/span><span class=\"wpcf7-list-item\"><label><input type=\"checkbox\" name=\"checkbox-46[]\" value=\"Hidroterapi\" \/><span class=\"wpcf7-list-item-label\">Hidroterapi<\/span><\/label><\/span><span class=\"wpcf7-list-item\"><label><input type=\"checkbox\" name=\"checkbox-46[]\" value=\"Manipulime Artikulare\" \/><span class=\"wpcf7-list-item-label\">Manipulime Artikulare<\/span><\/label><\/span><span class=\"wpcf7-list-item\"><label><input type=\"checkbox\" name=\"checkbox-46[]\" value=\"Kinezioterapi\" \/><span class=\"wpcf7-list-item-label\">Kinezioterapi<\/span><\/label><\/span><span class=\"wpcf7-list-item\"><label><input type=\"checkbox\" name=\"checkbox-46[]\" value=\"Manutech\" \/><span class=\"wpcf7-list-item-label\">Manutech<\/span><\/label><\/span><span class=\"wpcf7-list-item\"><label><input type=\"checkbox\" name=\"checkbox-46[]\" value=\"Dry needling\" \/><span class=\"wpcf7-list-item-label\">Dry needling<\/span><\/label><\/span><span class=\"wpcf7-list-item\"><label><input type=\"checkbox\" name=\"checkbox-46[]\" value=\"Rehabilitimi i Nofulles\" \/><span class=\"wpcf7-list-item-label\">Rehabilitimi i Nofulles<\/span><\/label><\/span><span class=\"wpcf7-list-item\"><label><input type=\"checkbox\" name=\"checkbox-46[]\" value=\"Trauma sportive\" \/><span class=\"wpcf7-list-item-label\">Trauma sportive<\/span><\/label><\/span><span class=\"wpcf7-list-item\"><label><input type=\"checkbox\" name=\"checkbox-46[]\" value=\"Fizioterapi Pulmonare\" \/><span class=\"wpcf7-list-item-label\">Fizioterapi Pulmonare<\/span><\/label><\/span><span class=\"wpcf7-list-item\"><label><input type=\"checkbox\" name=\"checkbox-46[]\" value=\"Masazh Terapeutik\" \/><span class=\"wpcf7-list-item-label\">Masazh Terapeutik<\/span><\/label><\/span><span class=\"wpcf7-list-item\"><label><input type=\"checkbox\" name=\"checkbox-46[]\" value=\"Fizioterapi per femije\" \/><span class=\"wpcf7-list-item-label\">Fizioterapi per femije<\/span><\/label><\/span><span class=\"wpcf7-list-item\"><label><input type=\"checkbox\" name=\"checkbox-46[]\" value=\"Fizioterapi Neurologjike\" \/><span class=\"wpcf7-list-item-label\">Fizioterapi Neurologjike<\/span><\/label><\/span><span class=\"wpcf7-list-item\"><label><input type=\"checkbox\" name=\"checkbox-46[]\" value=\"Terapi Manuale\" \/><span class=\"wpcf7-list-item-label\">Terapi Manuale<\/span><\/label><\/span><span class=\"wpcf7-list-item\"><label><input type=\"checkbox\" name=\"checkbox-46[]\" value=\"Probleme te Shtylles Kurrizore\" \/><span class=\"wpcf7-list-item-label\">Probleme te Shtylles Kurrizore<\/span><\/label><\/span><span class=\"wpcf7-list-item\"><label><input type=\"checkbox\" name=\"checkbox-46[]\" value=\"Fizioterapi ne Shtepi\" \/><span class=\"wpcf7-list-item-label\">Fizioterapi ne Shtepi<\/span><\/label><\/span><span class=\"wpcf7-list-item last\"><label><input type=\"checkbox\" name=\"checkbox-46[]\" value=\"Manipulime Vertebrale\" \/><span class=\"wpcf7-list-item-label\">Manipulime Vertebrale<\/span><\/label><\/span><\/span><\/span>\n<\/p>\n<p><label>Email* <span class=\"wpcf7-form-control-wrap\" data-name=\"your-email\"><input size=\"40\" class=\"wpcf7-form-control wpcf7-email wpcf7-validates-as-required wpcf7-text wpcf7-validates-as-email\" aria-required=\"true\" aria-invalid=\"false\" value=\"\" type=\"email\" name=\"your-email\" \/><\/span><\/label>\n<\/p>\n<p><label>Nr. Telefoni* <span class=\"wpcf7-form-control-wrap\" data-name=\"tel-968\"><input size=\"40\" class=\"wpcf7-form-control wpcf7-tel wpcf7-validates-as-required wpcf7-text wpcf7-validates-as-tel\" aria-required=\"true\" aria-invalid=\"false\" value=\"\" type=\"tel\" name=\"tel-968\" \/><\/span><\/label>\n<\/p>\n<p><label>Foto* <span class=\"wpcf7-form-control-wrap\" data-name=\"file-417\"><input size=\"40\" class=\"wpcf7-form-control wpcf7-file wpcf7-validates-as-required\" accept=\".jpg,.jpeg,.png\" aria-required=\"true\" aria-invalid=\"false\" type=\"file\" name=\"file-417\" \/><\/span> Pranohen vetem foto profili, serioze dhe te pastra.<\/label>\n<\/p>\n<p><label>P\u00ebrshkrim i Shkurt\u00ebr p\u00ebr Profilin* <span class=\"wpcf7-form-control-wrap\" data-name=\"textarea-691\"><textarea cols=\"40\" rows=\"10\" class=\"wpcf7-form-control wpcf7-textarea wpcf7-validates-as-required\" aria-required=\"true\" aria-invalid=\"false\" name=\"textarea-691\"><\/textarea><\/span><\/label>\n<\/p>\n<p><label><span class=\"wpcf7-form-control-wrap\" data-name=\"checkbox-46\"><span class=\"wpcf7-form-control wpcf7-checkbox wpcf7-validates-as-required\"><span class=\"wpcf7-list-item first last\"><label><input type=\"checkbox\" name=\"checkbox-46[]\" value=\"Une mbaj pergjegjesi per vertetesine e te gjitha te dhenave dhe Informacioneve te plotesuara me lart.\" \/><span class=\"wpcf7-list-item-label\">Une mbaj pergjegjesi per vertetesine e te gjitha te dhenave dhe Informacioneve te plotesuara me lart.<\/span><\/label><\/span><\/span><\/span><\/label>\n<\/p>\n<p><input class=\"wpcf7-form-control wpcf7-submit has-spinner\" type=\"submit\" value=\"D\u00ebrgo\" \/>\n<\/p><div class=\"wpcf7-response-output\" aria-hidden=\"true\"><\/div>\n<\/form>\n<\/div>\n<\/div>[\/vc_column][\/vc_row]<\/p>\n","protected":false},"excerpt":{"rendered":"<p>[vc_row css=&#8221;.vc_custom_1627814883819{margin-top: 50px !important;}&#8221;][vc_column][\/vc_column][\/vc_row][vc_row][vc_column][\/vc_column][\/vc_row]<\/p>\n","protected":false},"author":1,"featured_media":0,"parent":0,"menu_order":0,"comment_status":"closed","ping_status":"closed","template":"template-default-without-breadcrumbs.php","meta":{"footnotes":""},"class_list":["post-3003","page","type-page","status-publish","hentry"],"yoast_head":"<!-- This site is optimized with the Yoast SEO plugin v22.8 - https:\/\/yoast.com\/wordpress\/plugins\/seo\/ -->\n<title>KONTAKT - Fizioterapisti<\/title>\n<meta name=\"description\" content=\"Kontakto p\u00ebr t&#039;u b\u00ebr\u00eb pjes\u00eb e portalit Fizioterapisti.al. Plot\u00ebsoni aplikimin n\u00eb form\u00ebn e m\u00ebposhtme.\" \/>\n<meta name=\"robots\" content=\"index, follow, max-snippet:-1, max-image-preview:large, max-video-preview:-1\" \/>\n<link rel=\"canonical\" href=\"https:\/\/www.fizioterapisti.al\/index.php\/contact\/\" \/>\n<meta property=\"og:locale\" content=\"en_US\" \/>\n<meta property=\"og:type\" content=\"article\" \/>\n<meta property=\"og:title\" content=\"KONTAKT - Fizioterapisti\" \/>\n<meta property=\"og:description\" content=\"Kontakto p\u00ebr t&#039;u b\u00ebr\u00eb pjes\u00eb e portalit Fizioterapisti.al. Plot\u00ebsoni aplikimin n\u00eb form\u00ebn e m\u00ebposhtme.\" \/>\n<meta property=\"og:url\" content=\"https:\/\/www.fizioterapisti.al\/index.php\/contact\/\" \/>\n<meta property=\"og:site_name\" content=\"Fizioterapisti\" \/>\n<meta property=\"article:modified_time\" content=\"2021-11-20T20:19:27+00:00\" \/>\n<meta name=\"twitter:card\" content=\"summary_large_image\" \/>\n<script type=\"application\/ld+json\" class=\"yoast-schema-graph\">{\"@context\":\"https:\/\/schema.org\",\"@graph\":[{\"@type\":\"WebPage\",\"@id\":\"https:\/\/www.fizioterapisti.al\/index.php\/contact\/\",\"url\":\"https:\/\/www.fizioterapisti.al\/index.php\/contact\/\",\"name\":\"KONTAKT - Fizioterapisti\",\"isPartOf\":{\"@id\":\"https:\/\/www.fizioterapisti.al\/#website\"},\"datePublished\":\"2016-10-21T11:52:45+00:00\",\"dateModified\":\"2021-11-20T20:19:27+00:00\",\"description\":\"Kontakto p\u00ebr t'u b\u00ebr\u00eb pjes\u00eb e portalit Fizioterapisti.al. Plot\u00ebsoni aplikimin n\u00eb form\u00ebn e m\u00ebposhtme.\",\"breadcrumb\":{\"@id\":\"https:\/\/www.fizioterapisti.al\/index.php\/contact\/#breadcrumb\"},\"inLanguage\":\"en-US\",\"potentialAction\":[{\"@type\":\"ReadAction\",\"target\":[\"https:\/\/www.fizioterapisti.al\/index.php\/contact\/\"]}]},{\"@type\":\"BreadcrumbList\",\"@id\":\"https:\/\/www.fizioterapisti.al\/index.php\/contact\/#breadcrumb\",\"itemListElement\":[{\"@type\":\"ListItem\",\"position\":1,\"name\":\"Home\",\"item\":\"https:\/\/www.fizioterapisti.al\/\"},{\"@type\":\"ListItem\",\"position\":2,\"name\":\"KONTAKT\"}]},{\"@type\":\"WebSite\",\"@id\":\"https:\/\/www.fizioterapisti.al\/#website\",\"url\":\"https:\/\/www.fizioterapisti.al\/\",\"name\":\"Fizioterapisti\",\"description\":\"Gjeni Fizioterapistin Tuaj\",\"publisher\":{\"@id\":\"https:\/\/www.fizioterapisti.al\/#organization\"},\"potentialAction\":[{\"@type\":\"SearchAction\",\"target\":{\"@type\":\"EntryPoint\",\"urlTemplate\":\"https:\/\/www.fizioterapisti.al\/?s={search_term_string}\"},\"query-input\":\"required name=search_term_string\"}],\"inLanguage\":\"en-US\"},{\"@type\":\"Organization\",\"@id\":\"https:\/\/www.fizioterapisti.al\/#organization\",\"name\":\"Fizioterapisti.al\",\"url\":\"https:\/\/www.fizioterapisti.al\/\",\"logo\":{\"@type\":\"ImageObject\",\"inLanguage\":\"en-US\",\"@id\":\"https:\/\/www.fizioterapisti.al\/#\/schema\/logo\/image\/\",\"url\":\"https:\/\/fizioterapisti.al\/wp-content\/uploads\/2021\/09\/logo-ful-size.jpg\",\"contentUrl\":\"https:\/\/fizioterapisti.al\/wp-content\/uploads\/2021\/09\/logo-ful-size.jpg\",\"width\":1382,\"height\":1381,\"caption\":\"Fizioterapisti.al\"},\"image\":{\"@id\":\"https:\/\/www.fizioterapisti.al\/#\/schema\/logo\/image\/\"}}]}<\/script>\n<!-- \/ Yoast SEO plugin. -->","yoast_head_json":{"title":"KONTAKT - Fizioterapisti","description":"Kontakto p\u00ebr t'u b\u00ebr\u00eb pjes\u00eb e portalit Fizioterapisti.al. Plot\u00ebsoni aplikimin n\u00eb form\u00ebn e m\u00ebposhtme.","robots":{"index":"index","follow":"follow","max-snippet":"max-snippet:-1","max-image-preview":"max-image-preview:large","max-video-preview":"max-video-preview:-1"},"canonical":"https:\/\/www.fizioterapisti.al\/index.php\/contact\/","og_locale":"en_US","og_type":"article","og_title":"KONTAKT - Fizioterapisti","og_description":"Kontakto p\u00ebr t'u b\u00ebr\u00eb pjes\u00eb e portalit Fizioterapisti.al. Plot\u00ebsoni aplikimin n\u00eb form\u00ebn e m\u00ebposhtme.","og_url":"https:\/\/www.fizioterapisti.al\/index.php\/contact\/","og_site_name":"Fizioterapisti","article_modified_time":"2021-11-20T20:19:27+00:00","twitter_card":"summary_large_image","schema":{"@context":"https:\/\/schema.org","@graph":[{"@type":"WebPage","@id":"https:\/\/www.fizioterapisti.al\/index.php\/contact\/","url":"https:\/\/www.fizioterapisti.al\/index.php\/contact\/","name":"KONTAKT - Fizioterapisti","isPartOf":{"@id":"https:\/\/www.fizioterapisti.al\/#website"},"datePublished":"2016-10-21T11:52:45+00:00","dateModified":"2021-11-20T20:19:27+00:00","description":"Kontakto p\u00ebr t'u b\u00ebr\u00eb pjes\u00eb e portalit Fizioterapisti.al. Plot\u00ebsoni aplikimin n\u00eb form\u00ebn e m\u00ebposhtme.","breadcrumb":{"@id":"https:\/\/www.fizioterapisti.al\/index.php\/contact\/#breadcrumb"},"inLanguage":"en-US","potentialAction":[{"@type":"ReadAction","target":["https:\/\/www.fizioterapisti.al\/index.php\/contact\/"]}]},{"@type":"BreadcrumbList","@id":"https:\/\/www.fizioterapisti.al\/index.php\/contact\/#breadcrumb","itemListElement":[{"@type":"ListItem","position":1,"name":"Home","item":"https:\/\/www.fizioterapisti.al\/"},{"@type":"ListItem","position":2,"name":"KONTAKT"}]},{"@type":"WebSite","@id":"https:\/\/www.fizioterapisti.al\/#website","url":"https:\/\/www.fizioterapisti.al\/","name":"Fizioterapisti","description":"Gjeni Fizioterapistin Tuaj","publisher":{"@id":"https:\/\/www.fizioterapisti.al\/#organization"},"potentialAction":[{"@type":"SearchAction","target":{"@type":"EntryPoint","urlTemplate":"https:\/\/www.fizioterapisti.al\/?s={search_term_string}"},"query-input":"required name=search_term_string"}],"inLanguage":"en-US"},{"@type":"Organization","@id":"https:\/\/www.fizioterapisti.al\/#organization","name":"Fizioterapisti.al","url":"https:\/\/www.fizioterapisti.al\/","logo":{"@type":"ImageObject","inLanguage":"en-US","@id":"https:\/\/www.fizioterapisti.al\/#\/schema\/logo\/image\/","url":"https:\/\/fizioterapisti.al\/wp-content\/uploads\/2021\/09\/logo-ful-size.jpg","contentUrl":"https:\/\/fizioterapisti.al\/wp-content\/uploads\/2021\/09\/logo-ful-size.jpg","width":1382,"height":1381,"caption":"Fizioterapisti.al"},"image":{"@id":"https:\/\/www.fizioterapisti.al\/#\/schema\/logo\/image\/"}}]}},"_links":{"self":[{"href":"https:\/\/www.fizioterapisti.al\/index.php\/wp-json\/wp\/v2\/pages\/3003","targetHints":{"allow":["GET"]}}],"collection":[{"href":"https:\/\/www.fizioterapisti.al\/index.php\/wp-json\/wp\/v2\/pages"}],"about":[{"href":"https:\/\/www.fizioterapisti.al\/index.php\/wp-json\/wp\/v2\/types\/page"}],"author":[{"embeddable":true,"href":"https:\/\/www.fizioterapisti.al\/index.php\/wp-json\/wp\/v2\/users\/1"}],"replies":[{"embeddable":true,"href":"https:\/\/www.fizioterapisti.al\/index.php\/wp-json\/wp\/v2\/comments?post=3003"}],"version-history":[{"count":16,"href":"https:\/\/www.fizioterapisti.al\/index.php\/wp-json\/wp\/v2\/pages\/3003\/revisions"}],"predecessor-version":[{"id":5248,"href":"https:\/\/www.fizioterapisti.al\/index.php\/wp-json\/wp\/v2\/pages\/3003\/revisions\/5248"}],"wp:attachment":[{"href":"https:\/\/www.fizioterapisti.al\/index.php\/wp-json\/wp\/v2\/media?parent=3003"}],"curies":[{"name":"wp","href":"https:\/\/api.w.org\/{rel}","templated":true}]}}