{"id":3756,"date":"2018-10-24T13:39:13","date_gmt":"2018-10-24T13:39:13","guid":{"rendered":"http:\/\/quanticalabs.com\/wptest\/medicenter-new\/?page_id=3756"},"modified":"2022-07-18T12:26:10","modified_gmt":"2022-07-18T11:26:10","slug":"home","status":"publish","type":"page","link":"https:\/\/www.fizioterapisti.al\/","title":{"rendered":"HOME"},"content":{"rendered":"<p>[vc_row type=&#8221;full-width&#8221;][vc_column][rev_slider_vc alias=&#8221;home&#8221;][\/vc_column][\/vc_row][vc_row][vc_column][\/vc_column][\/vc_row][vc_row][vc_column][\/vc_column][\/vc_row][vc_row][vc_column][vc_widget_sidebar sidebar_id=&#8221;sidebar-home-top&#8221; el_class=&#8221;home-box-container-list for-home-slider&#8221;][\/vc_column][\/vc_row][vc_section][vc_row][vc_column][vc_empty_space height=&#8221;60px&#8221;][\/vc_column][\/vc_row][vc_row][vc_column width=&#8221;1\/2&#8243;][vc_column_text]<\/p>\n<h1>SI FUNKSIONON FIZIOTERAPISTI.AL?<\/h1>\n<p>&nbsp;<\/p>\n<h3 style=\"text-align: left; font-size: 21px;\"><span style=\"color: #808080;\">KONTAKTONI FIZIOTERAPISTIN PRAN\u00cb JUSH<\/span><\/h3>\n<p>&nbsp;<\/p>\n<h3>Kjo platform\u00eb \u00ebsht\u00eb nj\u00eb p\u00ebrzgjedhje fizioterapistesh t\u00eb Licensuar dhe specializuar kudo n\u00ebper Shqip\u00ebri, Kosov\u00eb e Maqedoni.<\/h3>\n<h3>Ky web ju mund\u00ebson t\u00eb kontaktoni fizioterapistin ne qytetin tuaj, t\u00eb njiheni me sherbimet e tij si dhe informacione t\u00eb dobishme mbi fizioterapin\u00eb dhe trajtimet rehabilituese.<\/h3>\n<h3>Vepro thjesht\u00eb, shpejt dhe i sigurt\u00eb p\u00ebr shendetin t\u00ebnd!<\/h3>\n<p>[\/vc_column_text][\/vc_column][vc_column width=&#8221;1\/2&#8243;][vc_single_image image=&#8221;5748&#8243; img_size=&#8221;300&#215;400&#8243; alignment=&#8221;center&#8221;][\/vc_column][\/vc_row][vc_row][vc_column][vc_empty_space height=&#8221;70&#8243;][vc_column_text]<\/p>\n<h1 style=\"text-align: center;\">Kerko me emer Fizioterapistin<\/h1>\n<p>[\/vc_column_text][vc_empty_space height=&#8221;30px&#8221;][vc_wp_search][vc_empty_space height=&#8221;70&#8243;][\/vc_column][\/vc_row][\/vc_section][vc_row top_margin=&#8221;page-margin-top&#8221; el_id=&#8221;zgjidh-qytetin&#8221;][vc_column css=&#8221;.vc_custom_1651096336523{margin-left: 22px !important;padding-top: 30px !important;}&#8221;]<h2 class=\"box-header\">Zgjidhni Qytetin<\/h2>[vc_wp_text]<a class=\"maxbutton-1 maxbutton maxbutton-te-gjitha\" href=\"\/index.php\/shqiperi\/\"><span class='mb-text'>T\u00eb Gjitha<\/span><\/a>[\/vc_wp_text][\/vc_column][\/vc_row][vc_row][vc_column width=&#8221;1\/3&#8243; css=&#8221;.vc_custom_1637449820774{margin-left: 22px !important;}&#8221;][vc_wp_text]<a class=\"maxbutton-1 maxbutton maxbutton-te-gjitha\" href=\"https:\/\/fizioterapisti.al\/index.php\/shqiperi\/\"><span class='mb-text'>Shqiperi<\/span><\/a>[\/vc_wp_text][vc_wp_text]<a class=\"maxbutton-1 maxbutton maxbutton-te-gjitha\" href=\"\/index.php\/berat\/\"><span class='mb-text'>Berat<\/span><\/a>[\/vc_wp_text][vc_wp_text]<a class=\"maxbutton-1 maxbutton maxbutton-te-gjitha\" href=\"\/index.php\/elbasan\/\"><span class='mb-text'>Elbasan<\/span><\/a>[\/vc_wp_text][vc_wp_text]<a class=\"maxbutton-1 maxbutton maxbutton-te-gjitha\" href=\"\/index.php\/shkoder\/\"><span class='mb-text'>Shkod\u00ebr<\/span><\/a>[\/vc_wp_text][vc_wp_text]<a class=\"maxbutton-1 maxbutton maxbutton-te-gjitha\" href=\"\/index.php\/gjirokaser\/\"><span class='mb-text'>Gjirokast\u00ebr<\/span><\/a>[\/vc_wp_text][\/vc_column][vc_column width=&#8221;1\/3&#8243; css=&#8221;.vc_custom_1637449828857{margin-left: 22px !important;}&#8221;][vc_wp_text]<a class=\"maxbutton-2 maxbutton maxbutton-color-2\" href=\"https:\/\/fizioterapisti.al\/index.php\/kosove\/\"><span class='mb-text'>Kosov\u00eb<\/span><\/a>[\/vc_wp_text][vc_wp_text]<a class=\"maxbutton-2 maxbutton maxbutton-color-2\" href=\"\/index.php\/durres\/\"><span class='mb-text'>Durr\u00ebs<\/span><\/a>[\/vc_wp_text][vc_wp_text]<a class=\"maxbutton-2 maxbutton maxbutton-color-2\" href=\"\/index.php\/fier\/\"><span class='mb-text'>Fier<\/span><\/a>[\/vc_wp_text][vc_wp_text]<a class=\"maxbutton-2 maxbutton maxbutton-color-2\" href=\"\/index.php\/tirane\/\"><span class='mb-text'>Tiran\u00eb<\/span><\/a>[\/vc_wp_text][vc_wp_text]<a class=\"maxbutton-2 maxbutton maxbutton-color-2\" href=\"\/index.php\/korce\/\"><span class='mb-text'>Kor\u00e7\u00eb<\/span><\/a>[\/vc_wp_text][\/vc_column][vc_column width=&#8221;1\/3&#8243; css=&#8221;.vc_custom_1637449867739{margin-right: -6px !important;margin-left: 22px !important;}&#8221;][vc_wp_text]<a class=\"maxbutton-3 maxbutton maxbutton-color-3\" href=\"https:\/\/fizioterapisti.al\/index.php\/maqedoni\/\"><span class='mb-text'>Maqedoni<\/span><\/a>[\/vc_wp_text][vc_wp_text]<a class=\"maxbutton-3 maxbutton maxbutton-color-3\" href=\"\/index.php\/diber\/\"><span class='mb-text'>Dib\u00ebr<\/span><\/a>[\/vc_wp_text][vc_wp_text]<a class=\"maxbutton-3 maxbutton maxbutton-color-3\" href=\"\/index.php\/kukes\/\"><span class='mb-text'>Kuk\u00ebs<\/span><\/a>[\/vc_wp_text][vc_wp_text]<a class=\"maxbutton-3 maxbutton maxbutton-color-3\" href=\"\/index.php\/vlore\/\"><span class='mb-text'>Vlor\u00eb<\/span><\/a>[\/vc_wp_text][vc_wp_text]<a class=\"maxbutton-3 maxbutton maxbutton-color-3\" href=\"\/index.php\/lezhe\/\"><span class='mb-text'>Lezh\u00eb<\/span><\/a>[\/vc_wp_text][\/vc_column][\/vc_row][vc_row][vc_column width=&#8221;1\/4&#8243;][vc_empty_space height=&#8221;60px&#8221;][\/vc_column][\/vc_row][vc_row type=&#8221;full-width mc-parallax mc-overlay&#8221; disable_element=&#8221;yes&#8221; css=&#8221;.vc_custom_1644606500946{background-image: url(https:\/\/fizioterapisti.al\/wp-content\/uploads\/2021\/07\/wallpaper-home2.png?id=4392) !important;}&#8221; el_class=&#8221;counters-group padding-top-200 padding-bottom-193&#8243;][vc_column][vc_row_inner][vc_column_inner width=&#8221;1\/4&#8243;]<div class=\"counter-box has-counter-box-path features-briefcase\"><svg xmlns=\"https:\/\/www.w3.org\/2000\/svg\" xmlns:xlink=\"https:\/\/www.w3.org\/1999\/xlink\" width=\"124px\" height=\"142px\" viewBox=\"0 -2 122 142\"><path class=\"counter-box-path animated-element\" stroke=\"#FFF\" d=\"M 0,103.5 0,34.5 60,0 120,34.5 120,103.5 60,138Z\" fill=\"none\" stroke-width=\"2\" data-animation-start=\"390\" data-duration=\"2000\"><\/path><\/svg><span class=\"number animated-element\" data-value=\"500\" data-animation-start=\"230\"><\/span><p>FIZIOTERAPIST\u00cb<\/p><\/div>[\/vc_column_inner][vc_column_inner width=&#8221;1\/4&#8243;]<div class=\"counter-box has-counter-box-path features-dna\"><svg xmlns=\"https:\/\/www.w3.org\/2000\/svg\" xmlns:xlink=\"https:\/\/www.w3.org\/1999\/xlink\" width=\"124px\" height=\"142px\" viewBox=\"0 -2 122 142\"><path class=\"counter-box-path animated-element\" stroke=\"#FFF\" d=\"M 0,103.5 0,34.5 60,0 120,34.5 120,103.5 60,138Z\" fill=\"none\" stroke-width=\"2\" data-animation-start=\"390\" data-duration=\"2000\"><\/path><\/svg><span class=\"number animated-element\" data-value=\"12782\" data-animation-start=\"230\"><\/span><p>VIZITOR\u00cb<\/p><\/div>[\/vc_column_inner][vc_column_inner width=&#8221;1\/4&#8243;]<div class=\"counter-box has-counter-box-path features-people\"><svg xmlns=\"https:\/\/www.w3.org\/2000\/svg\" xmlns:xlink=\"https:\/\/www.w3.org\/1999\/xlink\" width=\"124px\" height=\"142px\" viewBox=\"0 -2 122 142\"><path class=\"counter-box-path animated-element\" stroke=\"#FFF\" d=\"M 0,103.5 0,34.5 60,0 120,34.5 120,103.5 60,138Z\" fill=\"none\" stroke-width=\"2\" data-animation-start=\"390\" data-duration=\"2000\"><\/path><\/svg><span class=\"number animated-element\" data-value=\"18\" data-animation-start=\"230\"><\/span><p>TEKNIKA<\/p><\/div>[\/vc_column_inner][vc_column_inner width=&#8221;1\/4&#8243;]<div class=\"counter-box has-counter-box-path features-medical-bed\"><svg xmlns=\"https:\/\/www.w3.org\/2000\/svg\" xmlns:xlink=\"https:\/\/www.w3.org\/1999\/xlink\" width=\"124px\" height=\"142px\" viewBox=\"0 -2 122 142\"><path class=\"counter-box-path animated-element\" stroke=\"#FFF\" d=\"M 0,103.5 0,34.5 60,0 120,34.5 120,103.5 60,138Z\" fill=\"none\" stroke-width=\"2\" data-animation-start=\"390\" data-duration=\"2000\"><\/path><\/svg><span class=\"number animated-element\" data-value=\"150\" data-animation-start=\"230\"><\/span><p>QENDRA REHABILITIMI<\/p><\/div>[\/vc_column_inner][\/vc_row_inner][\/vc_column][\/vc_row][vc_row top_margin=&#8221;page-margin-top-section&#8221; disable_element=&#8221;yes&#8221;][vc_column]<div class=\"announcement clearfix vertical-align-table style-2\">\n\t\t\t\t\t<ul class=\"vertical-align\">\n\t\t\t\t\t\t<li class=\"vertical-align-cell\"><h2>Kategoria Fizioterapist Premium<\/h2><p>M\u00eb shum\u00eb opsione dhe mund\u00ebsi.<\/p>\n<\/li><li class=\"vertical-align-cell\">\n\t\t\t\t\t\t<a title=\"Abonohu\" href=\"index.php\/abonim-premium\" class=\"more mc-button light-color large template-arrow-horizontal-1-after\">Abonohu<\/a>\n\t\t\t\t\t<\/li><\/ul>\n\t\t\t<\/div>[\/vc_column][\/vc_row][vc_row][vc_column width=&#8221;1\/3&#8243;][vc_hoverbox image=&#8221;5669&#8243; primary_title=&#8221;&#8221; hover_title=&#8221;&#8221;][\/vc_hoverbox][\/vc_column][vc_column width=&#8221;1\/3&#8243;][vc_hoverbox image=&#8221;5670&#8243; primary_title=&#8221;&#8221; hover_title=&#8221;&#8221;][\/vc_hoverbox][vc_empty_space height=&#8221;50px&#8221;][\/vc_column][vc_column width=&#8221;1\/3&#8243;][vc_hoverbox image=&#8221;5671&#8243; primary_title=&#8221;&#8221; hover_title=&#8221;&#8221;][\/vc_hoverbox][\/vc_column][\/vc_row][vc_row][vc_column width=&#8221;1\/3&#8243;][vc_hoverbox image=&#8221;5852&#8243; primary_title=&#8221;&#8221; hover_title=&#8221;&#8221;][\/vc_hoverbox][\/vc_column][vc_column width=&#8221;1\/3&#8243;][vc_hoverbox image=&#8221;5892&#8243; primary_title=&#8221;&#8221; hover_title=&#8221;&#8221;][\/vc_hoverbox][\/vc_column][vc_column width=&#8221;1\/3&#8243;][vc_hoverbox image=&#8221;5899&#8243; primary_title=&#8221;&#8221; hover_title=&#8221;&#8221;][\/vc_hoverbox][\/vc_column][\/vc_row][vc_row][vc_column][\/vc_column][\/vc_row]<\/p>\n","protected":false},"excerpt":{"rendered":"<p>[vc_row type=&#8221;full-width&#8221;][vc_column][rev_slider_vc alias=&#8221;home&#8221;][\/vc_column][\/vc_row][vc_row][vc_column][\/vc_column][\/vc_row][vc_row][vc_column][\/vc_column][\/vc_row][vc_row][vc_column][vc_widget_sidebar sidebar_id=&#8221;sidebar-home-top&#8221; el_class=&#8221;home-box-container-list for-home-slider&#8221;][\/vc_column][\/vc_row][vc_section][vc_row][vc_column][vc_empty_space height=&#8221;60px&#8221;][\/vc_column][\/vc_row][vc_row][vc_column width=&#8221;1\/2&#8243;][vc_column_text] SI FUNKSIONON FIZIOTERAPISTI.AL? &nbsp; KONTAKTONI FIZIOTERAPISTIN PRAN\u00cb JUSH &nbsp; Kjo platform\u00eb \u00ebsht\u00eb nj\u00eb p\u00ebrzgjedhje fizioterapistesh t\u00eb Licensuar dhe specializuar kudo n\u00ebper Shqip\u00ebri, Kosov\u00eb e Maqedoni. Ky web ju mund\u00ebson t\u00eb kontaktoni fizioterapistin ne qytetin tuaj, t\u00eb njiheni me sherbimet e tij si dhe informacione t\u00eb dobishme mbi<\/p>\n","protected":false},"author":1,"featured_media":0,"parent":0,"menu_order":0,"comment_status":"closed","ping_status":"closed","template":"","meta":{"footnotes":""},"class_list":["post-3756","page","type-page","status-publish","hentry"],"yoast_head":"<!-- This site is optimized with the Yoast SEO plugin v22.8 - https:\/\/yoast.com\/wordpress\/plugins\/seo\/ -->\n<title>HOME - Fizioterapisti<\/title>\n<meta name=\"description\" content=\"Portal i krijuar nga ekspert\u00eb t\u00eb Fizioterapis\u00eb dhe rehabilitimit. K\u00ebrkoni n\u00ebp\u00ebrmjet teknikave ose qyteteve Fizioterapistin tuaj.\" \/>\n<meta name=\"robots\" content=\"index, follow, max-snippet:-1, max-image-preview:large, max-video-preview:-1\" \/>\n<link rel=\"canonical\" href=\"https:\/\/www.fizioterapisti.al\/\" \/>\n<meta property=\"og:locale\" content=\"en_US\" \/>\n<meta property=\"og:type\" content=\"article\" \/>\n<meta property=\"og:title\" content=\"HOME - Fizioterapisti\" \/>\n<meta property=\"og:description\" content=\"Portal i krijuar nga ekspert\u00eb t\u00eb Fizioterapis\u00eb dhe rehabilitimit. K\u00ebrkoni n\u00ebp\u00ebrmjet teknikave ose qyteteve Fizioterapistin tuaj.\" \/>\n<meta property=\"og:url\" content=\"https:\/\/www.fizioterapisti.al\/\" \/>\n<meta property=\"og:site_name\" content=\"Fizioterapisti\" \/>\n<meta property=\"article:modified_time\" content=\"2022-07-18T11:26:10+00:00\" \/>\n<meta name=\"twitter:card\" content=\"summary_large_image\" \/>\n<meta name=\"twitter:label1\" content=\"Est. reading time\" \/>\n\t<meta name=\"twitter:data1\" content=\"6 minutes\" \/>\n<script type=\"application\/ld+json\" class=\"yoast-schema-graph\">{\"@context\":\"https:\/\/schema.org\",\"@graph\":[{\"@type\":\"WebPage\",\"@id\":\"https:\/\/www.fizioterapisti.al\/\",\"url\":\"https:\/\/www.fizioterapisti.al\/\",\"name\":\"HOME - Fizioterapisti\",\"isPartOf\":{\"@id\":\"https:\/\/www.fizioterapisti.al\/#website\"},\"datePublished\":\"2018-10-24T13:39:13+00:00\",\"dateModified\":\"2022-07-18T11:26:10+00:00\",\"description\":\"Portal i krijuar nga ekspert\u00eb t\u00eb Fizioterapis\u00eb dhe rehabilitimit. K\u00ebrkoni n\u00ebp\u00ebrmjet teknikave ose qyteteve Fizioterapistin tuaj.\",\"breadcrumb\":{\"@id\":\"https:\/\/www.fizioterapisti.al\/#breadcrumb\"},\"inLanguage\":\"en-US\",\"potentialAction\":[{\"@type\":\"ReadAction\",\"target\":[\"https:\/\/www.fizioterapisti.al\/\"]}]},{\"@type\":\"BreadcrumbList\",\"@id\":\"https:\/\/www.fizioterapisti.al\/#breadcrumb\",\"itemListElement\":[{\"@type\":\"ListItem\",\"position\":1,\"name\":\"Home\",\"item\":\"https:\/\/www.fizioterapisti.al\/\"},{\"@type\":\"ListItem\",\"position\":2,\"name\":\"HOME\"}]},{\"@type\":\"WebSite\",\"@id\":\"https:\/\/www.fizioterapisti.al\/#website\",\"url\":\"https:\/\/www.fizioterapisti.al\/\",\"name\":\"Fizioterapisti\",\"description\":\"Gjeni Fizioterapistin Tuaj\",\"publisher\":{\"@id\":\"https:\/\/www.fizioterapisti.al\/#organization\"},\"potentialAction\":[{\"@type\":\"SearchAction\",\"target\":{\"@type\":\"EntryPoint\",\"urlTemplate\":\"https:\/\/www.fizioterapisti.al\/?s={search_term_string}\"},\"query-input\":\"required name=search_term_string\"}],\"inLanguage\":\"en-US\"},{\"@type\":\"Organization\",\"@id\":\"https:\/\/www.fizioterapisti.al\/#organization\",\"name\":\"Fizioterapisti.al\",\"url\":\"https:\/\/www.fizioterapisti.al\/\",\"logo\":{\"@type\":\"ImageObject\",\"inLanguage\":\"en-US\",\"@id\":\"https:\/\/www.fizioterapisti.al\/#\/schema\/logo\/image\/\",\"url\":\"https:\/\/fizioterapisti.al\/wp-content\/uploads\/2021\/09\/logo-ful-size.jpg\",\"contentUrl\":\"https:\/\/fizioterapisti.al\/wp-content\/uploads\/2021\/09\/logo-ful-size.jpg\",\"width\":1382,\"height\":1381,\"caption\":\"Fizioterapisti.al\"},\"image\":{\"@id\":\"https:\/\/www.fizioterapisti.al\/#\/schema\/logo\/image\/\"}}]}<\/script>\n<!-- \/ Yoast SEO plugin. -->","yoast_head_json":{"title":"HOME - Fizioterapisti","description":"Portal i krijuar nga ekspert\u00eb t\u00eb Fizioterapis\u00eb dhe rehabilitimit. K\u00ebrkoni n\u00ebp\u00ebrmjet teknikave ose qyteteve Fizioterapistin tuaj.","robots":{"index":"index","follow":"follow","max-snippet":"max-snippet:-1","max-image-preview":"max-image-preview:large","max-video-preview":"max-video-preview:-1"},"canonical":"https:\/\/www.fizioterapisti.al\/","og_locale":"en_US","og_type":"article","og_title":"HOME - Fizioterapisti","og_description":"Portal i krijuar nga ekspert\u00eb t\u00eb Fizioterapis\u00eb dhe rehabilitimit. K\u00ebrkoni n\u00ebp\u00ebrmjet teknikave ose qyteteve Fizioterapistin tuaj.","og_url":"https:\/\/www.fizioterapisti.al\/","og_site_name":"Fizioterapisti","article_modified_time":"2022-07-18T11:26:10+00:00","twitter_card":"summary_large_image","twitter_misc":{"Est. reading time":"6 minutes"},"schema":{"@context":"https:\/\/schema.org","@graph":[{"@type":"WebPage","@id":"https:\/\/www.fizioterapisti.al\/","url":"https:\/\/www.fizioterapisti.al\/","name":"HOME - Fizioterapisti","isPartOf":{"@id":"https:\/\/www.fizioterapisti.al\/#website"},"datePublished":"2018-10-24T13:39:13+00:00","dateModified":"2022-07-18T11:26:10+00:00","description":"Portal i krijuar nga ekspert\u00eb t\u00eb Fizioterapis\u00eb dhe rehabilitimit. K\u00ebrkoni n\u00ebp\u00ebrmjet teknikave ose qyteteve Fizioterapistin tuaj.","breadcrumb":{"@id":"https:\/\/www.fizioterapisti.al\/#breadcrumb"},"inLanguage":"en-US","potentialAction":[{"@type":"ReadAction","target":["https:\/\/www.fizioterapisti.al\/"]}]},{"@type":"BreadcrumbList","@id":"https:\/\/www.fizioterapisti.al\/#breadcrumb","itemListElement":[{"@type":"ListItem","position":1,"name":"Home","item":"https:\/\/www.fizioterapisti.al\/"},{"@type":"ListItem","position":2,"name":"HOME"}]},{"@type":"WebSite","@id":"https:\/\/www.fizioterapisti.al\/#website","url":"https:\/\/www.fizioterapisti.al\/","name":"Fizioterapisti","description":"Gjeni Fizioterapistin Tuaj","publisher":{"@id":"https:\/\/www.fizioterapisti.al\/#organization"},"potentialAction":[{"@type":"SearchAction","target":{"@type":"EntryPoint","urlTemplate":"https:\/\/www.fizioterapisti.al\/?s={search_term_string}"},"query-input":"required name=search_term_string"}],"inLanguage":"en-US"},{"@type":"Organization","@id":"https:\/\/www.fizioterapisti.al\/#organization","name":"Fizioterapisti.al","url":"https:\/\/www.fizioterapisti.al\/","logo":{"@type":"ImageObject","inLanguage":"en-US","@id":"https:\/\/www.fizioterapisti.al\/#\/schema\/logo\/image\/","url":"https:\/\/fizioterapisti.al\/wp-content\/uploads\/2021\/09\/logo-ful-size.jpg","contentUrl":"https:\/\/fizioterapisti.al\/wp-content\/uploads\/2021\/09\/logo-ful-size.jpg","width":1382,"height":1381,"caption":"Fizioterapisti.al"},"image":{"@id":"https:\/\/www.fizioterapisti.al\/#\/schema\/logo\/image\/"}}]}},"_links":{"self":[{"href":"https:\/\/www.fizioterapisti.al\/index.php\/wp-json\/wp\/v2\/pages\/3756","targetHints":{"allow":["GET"]}}],"collection":[{"href":"https:\/\/www.fizioterapisti.al\/index.php\/wp-json\/wp\/v2\/pages"}],"about":[{"href":"https:\/\/www.fizioterapisti.al\/index.php\/wp-json\/wp\/v2\/types\/page"}],"author":[{"embeddable":true,"href":"https:\/\/www.fizioterapisti.al\/index.php\/wp-json\/wp\/v2\/users\/1"}],"replies":[{"embeddable":true,"href":"https:\/\/www.fizioterapisti.al\/index.php\/wp-json\/wp\/v2\/comments?post=3756"}],"version-history":[{"count":145,"href":"https:\/\/www.fizioterapisti.al\/index.php\/wp-json\/wp\/v2\/pages\/3756\/revisions"}],"predecessor-version":[{"id":5905,"href":"https:\/\/www.fizioterapisti.al\/index.php\/wp-json\/wp\/v2\/pages\/3756\/revisions\/5905"}],"wp:attachment":[{"href":"https:\/\/www.fizioterapisti.al\/index.php\/wp-json\/wp\/v2\/media?parent=3756"}],"curies":[{"name":"wp","href":"https:\/\/api.w.org\/{rel}","templated":true}]}}