{"id":4438,"date":"2021-07-30T23:09:37","date_gmt":"2021-07-30T22:09:37","guid":{"rendered":"https:\/\/fizioterapisti.al\/?post_type=product&#038;p=4438"},"modified":"2022-11-13T09:40:00","modified_gmt":"2022-11-13T08:40:00","slug":"dreno-21","status":"publish","type":"product","link":"https:\/\/www.fizioterapisti.al\/index.php\/product\/dreno-21\/","title":{"rendered":"Dreno 21"},"content":{"rendered":"<p>Suplement me pika per pastrimin e melcise dhe drenimin e lengjeve te trupit.\u00a0<strong>100 ml<\/strong><\/p>\n<p>P\u00ebrb\u00ebr\u00ebsit:<br \/>\n<strong>Aloe vera (aloe barbadensis.) Meliloto, Tarasaco, Uva Ursina, Cardo Marino<\/strong>\u00a0per funksionin pastrues te organizmit.<\/p>\n<p>Rekomanduar per<\/p>\n<ul>\n<li>Pastrimin e melcise<\/li>\n<li>Drenimin e lengjeve te trupit<\/li>\n<li>Celulit<\/li>\n<li>Mbipeshe<\/li>\n<li>Linfedema dhe enjtje te gjymtyreve.<\/li>\n<\/ul>\n<p>Perdorimi: 30pika. 2 here ne dite te tretura ne 500 ml uje .<\/p>\n<p><strong>Kujdes!<\/strong><br \/>\nMos e tejkaloni doz\u00ebn e rekomanduar ditore. Mbajeni larg f\u00ebmij\u00ebve n\u00ebn mosh\u00ebn 3 vje\u00e7. Shtojcat ushqimore nuk jan\u00eb t\u00eb destinuara si z\u00ebvend\u00ebsuese p\u00ebr nj\u00eb diet\u00eb t\u00eb larmishme dhe nj\u00eb m\u00ebnyr\u00eb jetese t\u00eb sh\u00ebndetshme. P\u00ebr grat\u00eb shtatz\u00ebna rekomandohet k\u00ebshilla mjek\u00ebsore.<\/p>\n","protected":false},"excerpt":{"rendered":"<p>Suplement me pika per pastrimin e melcise dhe drenimin e toksinave te trupit.\u00a0<strong>100 ml<\/strong><\/p>\n","protected":false},"featured_media":4444,"comment_status":"open","ping_status":"closed","template":"","meta":[],"product_cat":[73],"product_tag":[],"class_list":{"0":"post-4438","1":"product","2":"type-product","3":"status-publish","4":"has-post-thumbnail","6":"product_cat-produkte","8":"first","9":"instock","10":"shipping-taxable","11":"purchasable","12":"product-type-simple"},"yoast_head":"<!-- This site is optimized with the Yoast SEO plugin v22.8 - https:\/\/yoast.com\/wordpress\/plugins\/seo\/ -->\n<title>Dreno 21 - Fizioterapisti<\/title>\n<meta name=\"robots\" content=\"index, follow, max-snippet:-1, max-image-preview:large, max-video-preview:-1\" \/>\n<link rel=\"canonical\" href=\"https:\/\/www.fizioterapisti.al\/index.php\/product\/dreno-21\/\" \/>\n<meta property=\"og:locale\" content=\"en_US\" \/>\n<meta property=\"og:type\" content=\"article\" \/>\n<meta property=\"og:title\" content=\"Dreno 21 - Fizioterapisti\" \/>\n<meta property=\"og:description\" content=\"Suplement me pika per pastrimin e melcise dhe drenimin e toksinave te trupit.\u00a0100 ml\" \/>\n<meta property=\"og:url\" content=\"https:\/\/www.fizioterapisti.al\/index.php\/product\/dreno-21\/\" \/>\n<meta property=\"og:site_name\" content=\"Fizioterapisti\" \/>\n<meta property=\"article:modified_time\" content=\"2022-11-13T08:40:00+00:00\" \/>\n<meta property=\"og:image\" content=\"https:\/\/www.fizioterapisti.al\/wp-content\/uploads\/2021\/07\/Dreno-21-scaled-1.jpg\" \/>\n\t<meta property=\"og:image:width\" content=\"2560\" \/>\n\t<meta property=\"og:image:height\" content=\"1399\" \/>\n\t<meta property=\"og:image:type\" content=\"image\/jpeg\" \/>\n<meta name=\"twitter:card\" content=\"summary_large_image\" \/>\n<meta name=\"twitter:label1\" content=\"Est. reading time\" \/>\n\t<meta name=\"twitter:data1\" content=\"1 minute\" \/>\n<script type=\"application\/ld+json\" class=\"yoast-schema-graph\">{\"@context\":\"https:\/\/schema.org\",\"@graph\":[{\"@type\":\"WebPage\",\"@id\":\"https:\/\/www.fizioterapisti.al\/index.php\/product\/dreno-21\/\",\"url\":\"https:\/\/www.fizioterapisti.al\/index.php\/product\/dreno-21\/\",\"name\":\"Dreno 21 - Fizioterapisti\",\"isPartOf\":{\"@id\":\"https:\/\/www.fizioterapisti.al\/#website\"},\"primaryImageOfPage\":{\"@id\":\"https:\/\/www.fizioterapisti.al\/index.php\/product\/dreno-21\/#primaryimage\"},\"image\":{\"@id\":\"https:\/\/www.fizioterapisti.al\/index.php\/product\/dreno-21\/#primaryimage\"},\"thumbnailUrl\":\"https:\/\/www.fizioterapisti.al\/wp-content\/uploads\/2021\/07\/Dreno-21-scaled-1.jpg\",\"datePublished\":\"2021-07-30T22:09:37+00:00\",\"dateModified\":\"2022-11-13T08:40:00+00:00\",\"breadcrumb\":{\"@id\":\"https:\/\/www.fizioterapisti.al\/index.php\/product\/dreno-21\/#breadcrumb\"},\"inLanguage\":\"en-US\",\"potentialAction\":[{\"@type\":\"ReadAction\",\"target\":[\"https:\/\/www.fizioterapisti.al\/index.php\/product\/dreno-21\/\"]}]},{\"@type\":\"ImageObject\",\"inLanguage\":\"en-US\",\"@id\":\"https:\/\/www.fizioterapisti.al\/index.php\/product\/dreno-21\/#primaryimage\",\"url\":\"https:\/\/www.fizioterapisti.al\/wp-content\/uploads\/2021\/07\/Dreno-21-scaled-1.jpg\",\"contentUrl\":\"https:\/\/www.fizioterapisti.al\/wp-content\/uploads\/2021\/07\/Dreno-21-scaled-1.jpg\",\"width\":2560,\"height\":1399},{\"@type\":\"BreadcrumbList\",\"@id\":\"https:\/\/www.fizioterapisti.al\/index.php\/product\/dreno-21\/#breadcrumb\",\"itemListElement\":[{\"@type\":\"ListItem\",\"position\":1,\"name\":\"Home\",\"item\":\"https:\/\/www.fizioterapisti.al\/\"},{\"@type\":\"ListItem\",\"position\":2,\"name\":\"Shop\",\"item\":\"https:\/\/www.fizioterapisti.al\/index.php\/shop\/\"},{\"@type\":\"ListItem\",\"position\":3,\"name\":\"Dreno 21\"}]},{\"@type\":\"WebSite\",\"@id\":\"https:\/\/www.fizioterapisti.al\/#website\",\"url\":\"https:\/\/www.fizioterapisti.al\/\",\"name\":\"Fizioterapisti\",\"description\":\"Gjeni Fizioterapistin Tuaj\",\"publisher\":{\"@id\":\"https:\/\/www.fizioterapisti.al\/#organization\"},\"potentialAction\":[{\"@type\":\"SearchAction\",\"target\":{\"@type\":\"EntryPoint\",\"urlTemplate\":\"https:\/\/www.fizioterapisti.al\/?s={search_term_string}\"},\"query-input\":\"required name=search_term_string\"}],\"inLanguage\":\"en-US\"},{\"@type\":\"Organization\",\"@id\":\"https:\/\/www.fizioterapisti.al\/#organization\",\"name\":\"Fizioterapisti.al\",\"url\":\"https:\/\/www.fizioterapisti.al\/\",\"logo\":{\"@type\":\"ImageObject\",\"inLanguage\":\"en-US\",\"@id\":\"https:\/\/www.fizioterapisti.al\/#\/schema\/logo\/image\/\",\"url\":\"https:\/\/fizioterapisti.al\/wp-content\/uploads\/2021\/09\/logo-ful-size.jpg\",\"contentUrl\":\"https:\/\/fizioterapisti.al\/wp-content\/uploads\/2021\/09\/logo-ful-size.jpg\",\"width\":1382,\"height\":1381,\"caption\":\"Fizioterapisti.al\"},\"image\":{\"@id\":\"https:\/\/www.fizioterapisti.al\/#\/schema\/logo\/image\/\"}}]}<\/script>\n<!-- \/ Yoast SEO plugin. -->","yoast_head_json":{"title":"Dreno 21 - Fizioterapisti","robots":{"index":"index","follow":"follow","max-snippet":"max-snippet:-1","max-image-preview":"max-image-preview:large","max-video-preview":"max-video-preview:-1"},"canonical":"https:\/\/www.fizioterapisti.al\/index.php\/product\/dreno-21\/","og_locale":"en_US","og_type":"article","og_title":"Dreno 21 - Fizioterapisti","og_description":"Suplement me pika per pastrimin e melcise dhe drenimin e toksinave te trupit.\u00a0100 ml","og_url":"https:\/\/www.fizioterapisti.al\/index.php\/product\/dreno-21\/","og_site_name":"Fizioterapisti","article_modified_time":"2022-11-13T08:40:00+00:00","og_image":[{"width":2560,"height":1399,"url":"https:\/\/www.fizioterapisti.al\/wp-content\/uploads\/2021\/07\/Dreno-21-scaled-1.jpg","type":"image\/jpeg"}],"twitter_card":"summary_large_image","twitter_misc":{"Est. reading time":"1 minute"},"schema":{"@context":"https:\/\/schema.org","@graph":[{"@type":"WebPage","@id":"https:\/\/www.fizioterapisti.al\/index.php\/product\/dreno-21\/","url":"https:\/\/www.fizioterapisti.al\/index.php\/product\/dreno-21\/","name":"Dreno 21 - Fizioterapisti","isPartOf":{"@id":"https:\/\/www.fizioterapisti.al\/#website"},"primaryImageOfPage":{"@id":"https:\/\/www.fizioterapisti.al\/index.php\/product\/dreno-21\/#primaryimage"},"image":{"@id":"https:\/\/www.fizioterapisti.al\/index.php\/product\/dreno-21\/#primaryimage"},"thumbnailUrl":"https:\/\/www.fizioterapisti.al\/wp-content\/uploads\/2021\/07\/Dreno-21-scaled-1.jpg","datePublished":"2021-07-30T22:09:37+00:00","dateModified":"2022-11-13T08:40:00+00:00","breadcrumb":{"@id":"https:\/\/www.fizioterapisti.al\/index.php\/product\/dreno-21\/#breadcrumb"},"inLanguage":"en-US","potentialAction":[{"@type":"ReadAction","target":["https:\/\/www.fizioterapisti.al\/index.php\/product\/dreno-21\/"]}]},{"@type":"ImageObject","inLanguage":"en-US","@id":"https:\/\/www.fizioterapisti.al\/index.php\/product\/dreno-21\/#primaryimage","url":"https:\/\/www.fizioterapisti.al\/wp-content\/uploads\/2021\/07\/Dreno-21-scaled-1.jpg","contentUrl":"https:\/\/www.fizioterapisti.al\/wp-content\/uploads\/2021\/07\/Dreno-21-scaled-1.jpg","width":2560,"height":1399},{"@type":"BreadcrumbList","@id":"https:\/\/www.fizioterapisti.al\/index.php\/product\/dreno-21\/#breadcrumb","itemListElement":[{"@type":"ListItem","position":1,"name":"Home","item":"https:\/\/www.fizioterapisti.al\/"},{"@type":"ListItem","position":2,"name":"Shop","item":"https:\/\/www.fizioterapisti.al\/index.php\/shop\/"},{"@type":"ListItem","position":3,"name":"Dreno 21"}]},{"@type":"WebSite","@id":"https:\/\/www.fizioterapisti.al\/#website","url":"https:\/\/www.fizioterapisti.al\/","name":"Fizioterapisti","description":"Gjeni Fizioterapistin Tuaj","publisher":{"@id":"https:\/\/www.fizioterapisti.al\/#organization"},"potentialAction":[{"@type":"SearchAction","target":{"@type":"EntryPoint","urlTemplate":"https:\/\/www.fizioterapisti.al\/?s={search_term_string}"},"query-input":"required name=search_term_string"}],"inLanguage":"en-US"},{"@type":"Organization","@id":"https:\/\/www.fizioterapisti.al\/#organization","name":"Fizioterapisti.al","url":"https:\/\/www.fizioterapisti.al\/","logo":{"@type":"ImageObject","inLanguage":"en-US","@id":"https:\/\/www.fizioterapisti.al\/#\/schema\/logo\/image\/","url":"https:\/\/fizioterapisti.al\/wp-content\/uploads\/2021\/09\/logo-ful-size.jpg","contentUrl":"https:\/\/fizioterapisti.al\/wp-content\/uploads\/2021\/09\/logo-ful-size.jpg","width":1382,"height":1381,"caption":"Fizioterapisti.al"},"image":{"@id":"https:\/\/www.fizioterapisti.al\/#\/schema\/logo\/image\/"}}]}},"_links":{"self":[{"href":"https:\/\/www.fizioterapisti.al\/index.php\/wp-json\/wp\/v2\/product\/4438","targetHints":{"allow":["GET"]}}],"collection":[{"href":"https:\/\/www.fizioterapisti.al\/index.php\/wp-json\/wp\/v2\/product"}],"about":[{"href":"https:\/\/www.fizioterapisti.al\/index.php\/wp-json\/wp\/v2\/types\/product"}],"replies":[{"embeddable":true,"href":"https:\/\/www.fizioterapisti.al\/index.php\/wp-json\/wp\/v2\/comments?post=4438"}],"wp:featuredmedia":[{"embeddable":true,"href":"https:\/\/www.fizioterapisti.al\/index.php\/wp-json\/wp\/v2\/media\/4444"}],"wp:attachment":[{"href":"https:\/\/www.fizioterapisti.al\/index.php\/wp-json\/wp\/v2\/media?parent=4438"}],"wp:term":[{"taxonomy":"product_cat","embeddable":true,"href":"https:\/\/www.fizioterapisti.al\/index.php\/wp-json\/wp\/v2\/product_cat?post=4438"},{"taxonomy":"product_tag","embeddable":true,"href":"https:\/\/www.fizioterapisti.al\/index.php\/wp-json\/wp\/v2\/product_tag?post=4438"}],"curies":[{"name":"wp","href":"https:\/\/api.w.org\/{rel}","templated":true}]}}