{"id":6139,"date":"2023-11-11T10:14:02","date_gmt":"2023-11-11T09:14:02","guid":{"rendered":"https:\/\/fizioterapisti.al\/?post_type=product&#038;p=6139"},"modified":"2023-11-11T10:24:46","modified_gmt":"2023-11-11T09:24:46","slug":"articulations-ampula","status":"publish","type":"product","link":"https:\/\/www.fizioterapisti.al\/index.php\/product\/articulations-ampula\/","title":{"rendered":"Articulations Ampula"},"content":{"rendered":"<p>Kjo risi unike, natyrore dhe organike ofron nj\u00eb veprim t\u00eb dyfisht\u00eb sinergistik: flash, fal\u00eb nj\u00eb vaji esencial, dhe jet\u00ebgjat\u00eb, fal\u00eb ekstrakteve bimore.<\/p>\n<p>Ampulat speciale t\u00eb p\u00ebrbashk\u00ebt qet\u00ebsojn\u00eb nyjet dhe rezistenc\u00ebn e kartilagos me Bishtin e Kalit, t\u00eb quajtur artiglio del Diavolo,<\/p>\n","protected":false},"excerpt":{"rendered":"<p>Kjo risi unike, natyrore dhe organike ofron nj\u00eb veprim t\u00eb dyfisht\u00eb sinergistik: flash, fal\u00eb nj\u00eb vaji esencial, dhe jet\u00ebgjat\u00eb, fal\u00eb ekstrakteve bimore. Ampulat speciale t\u00eb p\u00ebrbashk\u00ebt qet\u00ebsojn\u00eb nyjet dhe rezistenc\u00ebn e kartilagos me Bishtin e Kalit, t\u00eb quajtur artiglio del Diavolo,<\/p>\n","protected":false},"featured_media":6140,"comment_status":"open","ping_status":"closed","template":"","meta":[],"product_cat":[73,98],"product_tag":[],"class_list":{"0":"post-6139","1":"product","2":"type-product","3":"status-publish","4":"has-post-thumbnail","6":"product_cat-produkte","7":"product_cat-shop","9":"first","10":"instock","11":"shipping-taxable","12":"purchasable","13":"product-type-simple"},"yoast_head":"<!-- This site is optimized with the Yoast SEO plugin v22.8 - https:\/\/yoast.com\/wordpress\/plugins\/seo\/ -->\n<title>Articulations Ampula - Fizioterapisti<\/title>\n<meta name=\"robots\" content=\"index, follow, max-snippet:-1, max-image-preview:large, max-video-preview:-1\" \/>\n<link rel=\"canonical\" href=\"https:\/\/www.fizioterapisti.al\/index.php\/product\/articulations-ampula\/\" \/>\n<meta property=\"og:locale\" content=\"en_US\" \/>\n<meta property=\"og:type\" content=\"article\" \/>\n<meta property=\"og:title\" content=\"Articulations Ampula - Fizioterapisti\" \/>\n<meta property=\"og:description\" content=\"Kjo risi unike, natyrore dhe organike ofron nj\u00eb veprim t\u00eb dyfisht\u00eb sinergistik: flash, fal\u00eb nj\u00eb vaji esencial, dhe jet\u00ebgjat\u00eb, fal\u00eb ekstrakteve bimore. Ampulat speciale t\u00eb p\u00ebrbashk\u00ebt qet\u00ebsojn\u00eb nyjet dhe rezistenc\u00ebn e kartilagos me Bishtin e Kalit, t\u00eb quajtur artiglio del Diavolo,\" \/>\n<meta property=\"og:url\" content=\"https:\/\/www.fizioterapisti.al\/index.php\/product\/articulations-ampula\/\" \/>\n<meta property=\"og:site_name\" content=\"Fizioterapisti\" \/>\n<meta property=\"article:modified_time\" content=\"2023-11-11T09:24:46+00:00\" \/>\n<meta property=\"og:image\" content=\"https:\/\/www.fizioterapisti.al\/wp-content\/uploads\/2023\/11\/PHYTO-ARO-3CHBIO-ARTICULATION-1000x1000-1.png\" \/>\n\t<meta property=\"og:image:width\" content=\"1000\" \/>\n\t<meta property=\"og:image:height\" content=\"1000\" \/>\n\t<meta property=\"og:image:type\" content=\"image\/png\" \/>\n<meta name=\"twitter:card\" content=\"summary_large_image\" \/>\n<meta name=\"twitter:label1\" content=\"Est. reading time\" \/>\n\t<meta name=\"twitter:data1\" content=\"1 minute\" \/>\n<script type=\"application\/ld+json\" class=\"yoast-schema-graph\">{\"@context\":\"https:\/\/schema.org\",\"@graph\":[{\"@type\":\"WebPage\",\"@id\":\"https:\/\/www.fizioterapisti.al\/index.php\/product\/articulations-ampula\/\",\"url\":\"https:\/\/www.fizioterapisti.al\/index.php\/product\/articulations-ampula\/\",\"name\":\"Articulations Ampula - Fizioterapisti\",\"isPartOf\":{\"@id\":\"https:\/\/www.fizioterapisti.al\/#website\"},\"primaryImageOfPage\":{\"@id\":\"https:\/\/www.fizioterapisti.al\/index.php\/product\/articulations-ampula\/#primaryimage\"},\"image\":{\"@id\":\"https:\/\/www.fizioterapisti.al\/index.php\/product\/articulations-ampula\/#primaryimage\"},\"thumbnailUrl\":\"https:\/\/www.fizioterapisti.al\/wp-content\/uploads\/2023\/11\/PHYTO-ARO-3CHBIO-ARTICULATION-1000x1000-1.png\",\"datePublished\":\"2023-11-11T09:14:02+00:00\",\"dateModified\":\"2023-11-11T09:24:46+00:00\",\"breadcrumb\":{\"@id\":\"https:\/\/www.fizioterapisti.al\/index.php\/product\/articulations-ampula\/#breadcrumb\"},\"inLanguage\":\"en-US\",\"potentialAction\":[{\"@type\":\"ReadAction\",\"target\":[\"https:\/\/www.fizioterapisti.al\/index.php\/product\/articulations-ampula\/\"]}]},{\"@type\":\"ImageObject\",\"inLanguage\":\"en-US\",\"@id\":\"https:\/\/www.fizioterapisti.al\/index.php\/product\/articulations-ampula\/#primaryimage\",\"url\":\"https:\/\/www.fizioterapisti.al\/wp-content\/uploads\/2023\/11\/PHYTO-ARO-3CHBIO-ARTICULATION-1000x1000-1.png\",\"contentUrl\":\"https:\/\/www.fizioterapisti.al\/wp-content\/uploads\/2023\/11\/PHYTO-ARO-3CHBIO-ARTICULATION-1000x1000-1.png\",\"width\":1000,\"height\":1000},{\"@type\":\"BreadcrumbList\",\"@id\":\"https:\/\/www.fizioterapisti.al\/index.php\/product\/articulations-ampula\/#breadcrumb\",\"itemListElement\":[{\"@type\":\"ListItem\",\"position\":1,\"name\":\"Home\",\"item\":\"https:\/\/www.fizioterapisti.al\/\"},{\"@type\":\"ListItem\",\"position\":2,\"name\":\"Shop\",\"item\":\"https:\/\/www.fizioterapisti.al\/index.php\/shop\/\"},{\"@type\":\"ListItem\",\"position\":3,\"name\":\"Articulations Ampula\"}]},{\"@type\":\"WebSite\",\"@id\":\"https:\/\/www.fizioterapisti.al\/#website\",\"url\":\"https:\/\/www.fizioterapisti.al\/\",\"name\":\"Fizioterapisti\",\"description\":\"Gjeni Fizioterapistin Tuaj\",\"publisher\":{\"@id\":\"https:\/\/www.fizioterapisti.al\/#organization\"},\"potentialAction\":[{\"@type\":\"SearchAction\",\"target\":{\"@type\":\"EntryPoint\",\"urlTemplate\":\"https:\/\/www.fizioterapisti.al\/?s={search_term_string}\"},\"query-input\":\"required name=search_term_string\"}],\"inLanguage\":\"en-US\"},{\"@type\":\"Organization\",\"@id\":\"https:\/\/www.fizioterapisti.al\/#organization\",\"name\":\"Fizioterapisti.al\",\"url\":\"https:\/\/www.fizioterapisti.al\/\",\"logo\":{\"@type\":\"ImageObject\",\"inLanguage\":\"en-US\",\"@id\":\"https:\/\/www.fizioterapisti.al\/#\/schema\/logo\/image\/\",\"url\":\"https:\/\/fizioterapisti.al\/wp-content\/uploads\/2021\/09\/logo-ful-size.jpg\",\"contentUrl\":\"https:\/\/fizioterapisti.al\/wp-content\/uploads\/2021\/09\/logo-ful-size.jpg\",\"width\":1382,\"height\":1381,\"caption\":\"Fizioterapisti.al\"},\"image\":{\"@id\":\"https:\/\/www.fizioterapisti.al\/#\/schema\/logo\/image\/\"}}]}<\/script>\n<!-- \/ Yoast SEO plugin. -->","yoast_head_json":{"title":"Articulations Ampula - Fizioterapisti","robots":{"index":"index","follow":"follow","max-snippet":"max-snippet:-1","max-image-preview":"max-image-preview:large","max-video-preview":"max-video-preview:-1"},"canonical":"https:\/\/www.fizioterapisti.al\/index.php\/product\/articulations-ampula\/","og_locale":"en_US","og_type":"article","og_title":"Articulations Ampula - Fizioterapisti","og_description":"Kjo risi unike, natyrore dhe organike ofron nj\u00eb veprim t\u00eb dyfisht\u00eb sinergistik: flash, fal\u00eb nj\u00eb vaji esencial, dhe jet\u00ebgjat\u00eb, fal\u00eb ekstrakteve bimore. Ampulat speciale t\u00eb p\u00ebrbashk\u00ebt qet\u00ebsojn\u00eb nyjet dhe rezistenc\u00ebn e kartilagos me Bishtin e Kalit, t\u00eb quajtur artiglio del Diavolo,","og_url":"https:\/\/www.fizioterapisti.al\/index.php\/product\/articulations-ampula\/","og_site_name":"Fizioterapisti","article_modified_time":"2023-11-11T09:24:46+00:00","og_image":[{"width":1000,"height":1000,"url":"https:\/\/www.fizioterapisti.al\/wp-content\/uploads\/2023\/11\/PHYTO-ARO-3CHBIO-ARTICULATION-1000x1000-1.png","type":"image\/png"}],"twitter_card":"summary_large_image","twitter_misc":{"Est. reading time":"1 minute"},"schema":{"@context":"https:\/\/schema.org","@graph":[{"@type":"WebPage","@id":"https:\/\/www.fizioterapisti.al\/index.php\/product\/articulations-ampula\/","url":"https:\/\/www.fizioterapisti.al\/index.php\/product\/articulations-ampula\/","name":"Articulations Ampula - Fizioterapisti","isPartOf":{"@id":"https:\/\/www.fizioterapisti.al\/#website"},"primaryImageOfPage":{"@id":"https:\/\/www.fizioterapisti.al\/index.php\/product\/articulations-ampula\/#primaryimage"},"image":{"@id":"https:\/\/www.fizioterapisti.al\/index.php\/product\/articulations-ampula\/#primaryimage"},"thumbnailUrl":"https:\/\/www.fizioterapisti.al\/wp-content\/uploads\/2023\/11\/PHYTO-ARO-3CHBIO-ARTICULATION-1000x1000-1.png","datePublished":"2023-11-11T09:14:02+00:00","dateModified":"2023-11-11T09:24:46+00:00","breadcrumb":{"@id":"https:\/\/www.fizioterapisti.al\/index.php\/product\/articulations-ampula\/#breadcrumb"},"inLanguage":"en-US","potentialAction":[{"@type":"ReadAction","target":["https:\/\/www.fizioterapisti.al\/index.php\/product\/articulations-ampula\/"]}]},{"@type":"ImageObject","inLanguage":"en-US","@id":"https:\/\/www.fizioterapisti.al\/index.php\/product\/articulations-ampula\/#primaryimage","url":"https:\/\/www.fizioterapisti.al\/wp-content\/uploads\/2023\/11\/PHYTO-ARO-3CHBIO-ARTICULATION-1000x1000-1.png","contentUrl":"https:\/\/www.fizioterapisti.al\/wp-content\/uploads\/2023\/11\/PHYTO-ARO-3CHBIO-ARTICULATION-1000x1000-1.png","width":1000,"height":1000},{"@type":"BreadcrumbList","@id":"https:\/\/www.fizioterapisti.al\/index.php\/product\/articulations-ampula\/#breadcrumb","itemListElement":[{"@type":"ListItem","position":1,"name":"Home","item":"https:\/\/www.fizioterapisti.al\/"},{"@type":"ListItem","position":2,"name":"Shop","item":"https:\/\/www.fizioterapisti.al\/index.php\/shop\/"},{"@type":"ListItem","position":3,"name":"Articulations Ampula"}]},{"@type":"WebSite","@id":"https:\/\/www.fizioterapisti.al\/#website","url":"https:\/\/www.fizioterapisti.al\/","name":"Fizioterapisti","description":"Gjeni Fizioterapistin Tuaj","publisher":{"@id":"https:\/\/www.fizioterapisti.al\/#organization"},"potentialAction":[{"@type":"SearchAction","target":{"@type":"EntryPoint","urlTemplate":"https:\/\/www.fizioterapisti.al\/?s={search_term_string}"},"query-input":"required name=search_term_string"}],"inLanguage":"en-US"},{"@type":"Organization","@id":"https:\/\/www.fizioterapisti.al\/#organization","name":"Fizioterapisti.al","url":"https:\/\/www.fizioterapisti.al\/","logo":{"@type":"ImageObject","inLanguage":"en-US","@id":"https:\/\/www.fizioterapisti.al\/#\/schema\/logo\/image\/","url":"https:\/\/fizioterapisti.al\/wp-content\/uploads\/2021\/09\/logo-ful-size.jpg","contentUrl":"https:\/\/fizioterapisti.al\/wp-content\/uploads\/2021\/09\/logo-ful-size.jpg","width":1382,"height":1381,"caption":"Fizioterapisti.al"},"image":{"@id":"https:\/\/www.fizioterapisti.al\/#\/schema\/logo\/image\/"}}]}},"_links":{"self":[{"href":"https:\/\/www.fizioterapisti.al\/index.php\/wp-json\/wp\/v2\/product\/6139","targetHints":{"allow":["GET"]}}],"collection":[{"href":"https:\/\/www.fizioterapisti.al\/index.php\/wp-json\/wp\/v2\/product"}],"about":[{"href":"https:\/\/www.fizioterapisti.al\/index.php\/wp-json\/wp\/v2\/types\/product"}],"replies":[{"embeddable":true,"href":"https:\/\/www.fizioterapisti.al\/index.php\/wp-json\/wp\/v2\/comments?post=6139"}],"wp:featuredmedia":[{"embeddable":true,"href":"https:\/\/www.fizioterapisti.al\/index.php\/wp-json\/wp\/v2\/media\/6140"}],"wp:attachment":[{"href":"https:\/\/www.fizioterapisti.al\/index.php\/wp-json\/wp\/v2\/media?parent=6139"}],"wp:term":[{"taxonomy":"product_cat","embeddable":true,"href":"https:\/\/www.fizioterapisti.al\/index.php\/wp-json\/wp\/v2\/product_cat?post=6139"},{"taxonomy":"product_tag","embeddable":true,"href":"https:\/\/www.fizioterapisti.al\/index.php\/wp-json\/wp\/v2\/product_tag?post=6139"}],"curies":[{"name":"wp","href":"https:\/\/api.w.org\/{rel}","templated":true}]}}